{"id":135,"date":"2024-05-23T10:36:29","date_gmt":"2024-05-23T08:36:29","guid":{"rendered":"https:\/\/llar.totmedia.net\/?page_id=135"},"modified":"2024-06-28T12:09:28","modified_gmt":"2024-06-28T10:09:28","slug":"politica-de-cookies","status":"publish","type":"page","link":"https:\/\/brasserialallar.com\/es\/politica-de-cookies\/","title":{"rendered":"Pol\u00edtica De Cookies"},"content":{"rendered":"<p>Qu\u00e8 s\u00f3n les cookies i per qu\u00e8 les utilitzem?<\/p>\n\n\n\n<p>Aquest lloc web, igual que la majoria de llocs web a Internet, utilitza cookies per millorar lexperi\u00e8ncia de lusuari. A continuaci\u00f3, trobareu informaci\u00f3 sobre qu\u00e8 s\u00f3n les galetes, quin tipus de galetes utilitza aquest portal, com podeu desactivar les galetes al vostre navegador i com desactivar espec\u00edficament la instal\u00b7laci\u00f3 de les galetes de tercers.<\/p>\n\n\n\n<p>Qu\u00e8 s\u00f3n les galetes?<\/p>\n\n\n\n<p>Les cookies s\u00f3n petits arxius que algunes plataformes, com les p\u00e0gines web, poden instal\u00b7lar al vostre ordinador, tel\u00e8fon intel\u00b7ligent, tauleta o televisi\u00f3 connectada. Les seves funcions poden ser molt variades: emmagatzemar les prefer\u00e8ncies de navegaci\u00f3, recopilar informaci\u00f3 estad\u00edstica, permetre certes funcionalitats t\u00e8cniques, etc\u00e8tera. De vegades, les galetes s\u2019utilitzen per emmagatzemar informaci\u00f3 b\u00e0sica sobre els h\u00e0bits de navegaci\u00f3 de l\u2019usuari o del seu equip, fins al punt, segons els casos, de poder-lo recon\u00e8ixer.<\/p>\n\n\n\n<p>Per qu\u00e8 s\u00f3n importants?<\/p>\n\n\n\n<p>Les galetes s\u00f3n \u00fatils per a diversos motius. Des d\u2019un punt de vista t\u00e8cnic, permeten que les p\u00e0gines web funcionin de forma m\u00e9s \u00e0gil i adaptada a les vostres prefer\u00e8ncies, com ara emmagatzemar el vostre idioma o la moneda del vostre pa\u00eds. A m\u00e9s, ajuden els responsables dels llocs web a millorar els serveis que ofereixen, gr\u00e0cies a la informaci\u00f3 estad\u00edstica que recullen a trav\u00e9s seu.<\/p>\n\n\n\n<p>Tipologia, Finalitat i Funcionament de les Cookies .<\/p>\n\n\n\n<p>Les galetes, en funci\u00f3 de la seva perman\u00e8ncia, poden dividir-se en galetes de sessi\u00f3 o permanents. Les primeres expiren quan l\u2019usuari tanca el navegador. Les segones expiren en funci\u00f3 quan es compleixi l\u2019objectiu per al que serveixen (per exemple, perqu\u00e8 l\u2019usuari es mantingui identificat a les p\u00e0gines de www.llar.totmedia.net o b\u00e9 quan s\u2019esborren manualment.<\/p>\n\n\n\n<p>Addicionalment, en funci\u00f3 del seu objectiu, les galetes es poden classificar de la seg\u00fcent manera:<\/p>\n\n\n\n<p>Galetes de Rendiment : Aquest tipus de galeta recorda les teves prefer\u00e8ncies per a les eines que es troben a les p\u00e0gines, per la qual cosa no cal tornar a configurar cada vegada que la visites. A tall d\u2019exemple, en aquesta tipologia s\u2019inclouen:<\/p>\n\n\n\n<p>Configuraci\u00f3 de volum de reproductors de v\u00eddeo o so.<\/p>\n\n\n\n<p>Les velocitats de transmissi\u00f3 de v\u00eddeo compatibles amb el vostre navegador.<\/p>\n\n\n\n<p>Galetes de Geolocalitzaci\u00f3 : Aquestes cookies s\u00f3n utilitzades per esbrinar a quin pa\u00eds et trobes quan es navega per la web. Aquesta galeta \u00e9s totalment an\u00f2nima, i nom\u00e9s s\u2019utilitza per ajudar a orientar el contingut a la vostra ubicaci\u00f3.<\/p>\n\n\n\n<p>Galetes de registre : Les galetes de registre es generen una vegada que l\u2019usuari s\u2019ha registrat o posteriorment va comen\u00e7ar la sessi\u00f3, i s\u2019utilitzen per identificar-lo a les p\u00e0gines amb els objectius seg\u00fcents:<\/p>\n\n\n\n<p>Mantenir l\u2019usuari identificat de manera que, si tanqueu una p\u00e0gina, el navegador o l\u2019ordinador i en un altre moment o un altre dia torneu a entrar en aquesta p\u00e0gina, seguireu identificat, facilitant aix\u00ed la vostra navegaci\u00f3 sense haver de tornar-vos a identificar. Aquesta funcionalitat es pot suprimir si l\u2019usuari prem la funcionalitat \u201ctancar sessi\u00f3\u201d, per la qual cosa aquesta galeta s\u2019elimina i la propera vegada que entri a la p\u00e0gina l\u2019usuari haur\u00e0 d\u2019iniciar sessi\u00f3 per estar identificat.<\/p>\n\n\n\n<p>Comproveu si l\u2019usuari est\u00e0 autoritzat per accedir a certes p\u00e0gines, per exemple, per participar en un concurs.<\/p>\n\n\n\n<p>Addicionalment, algunes p\u00e0gines poden utilitzar connectors amb xarxes socials com Facebook, Instagram, Youtube o Twitter. Quan l\u2019usuari es registra en una p\u00e0gina amb credencials d\u2019una xarxa social, autoritza la xarxa social a desar una galeta persistent que recorda la seva identitat i garanteix acc\u00e9s a les p\u00e0gines fins que expira. L\u2019usuari pot esborrar aquesta galeta i revocar l\u2019acc\u00e9s a les p\u00e0gines a trav\u00e9s de xarxes socials actualitzant les prefer\u00e8ncies a la xarxa social que espec\u00edfica.<\/p>\n\n\n\n<p>Galetes d\u2019anal\u00edtiques : Cada vegada que un usuari visita una p\u00e0gina, una eina d\u2019un prove\u00efdor extern (en el nostre cas Google Analytics) genera una galeta anal\u00edtica a l\u2019ordinador de l\u2019usuari. Aquesta galeta que nom\u00e9s es genera a la visita, servir\u00e0 en futures visites a les p\u00e0gines de www.llar.totmedia.net per identificar de forma an\u00f2nima el visitant. Els objectius principals que es persegueixen s\u00f3n:<\/p>\n\n\n\n<p>Permetre la identificaci\u00f3 an\u00f2nima dels usuaris navegants a trav\u00e9s de la galeta (identifica navegadors i dispositius, no persones) i per tant la comptabilitzaci\u00f3 aproximada del nombre de visitants i la seva tend\u00e8ncia en el temps.<\/p>\n\n\n\n<p>Identificar de forma an\u00f2nima els continguts m\u00e9s visitats i, per tant, m\u00e9s atractius per als usuaris.<\/p>\n\n\n\n<p>Saber si lusuari que est\u00e0 accedint \u00e9s nou o repeteix visita.<\/p>\n\n\n\n<p>Important: Llevat que l\u2019usuari decideixi registrar-se a la web de www.llar.totmedia.net, la galeta mai no anir\u00e0 associada a cap dada de car\u00e0cter personal que pugui identificar-la. Aquestes galetes nom\u00e9s seran utilitzades amb prop\u00f2sits estad\u00edstics que ajudin a l\u2019optimitzaci\u00f3 de l\u2019experi\u00e8ncia dels usuaris al lloc.<\/p>\n\n\n\n<p>Altres galetes de tercers .<\/p>\n\n\n\n<p>En algunes de les nostres p\u00e0gines es poden instal\u00b7lar galetes de tercers que permetin gestionar i millorar els serveis que aquests ofereixen. Un exemple d\u201faquest \u00fas s\u00f3n els enlla\u00e7os a les xarxes socials que permeten compartir els nostres continguts.<\/p>\n\n\n\n<p>Com puc configurar les meves prefer\u00e8ncies?<\/p>\n\n\n\n<p>Podeu permetre, bloquejar o eliminar les galetes instal\u00b7lades al vostre equip mitjan\u00e7ant la configuraci\u00f3 de les opcions del vostre navegador d\u2019internet. En cas que les bloquegi, \u00e9s possible que certs serveis que necessiten el seu \u00fas no estiguin disponibles per a vost\u00e8.<\/p>\n\n\n\n<p>Utilitzaci\u00f3 de Cookies .<\/p>\n\n\n\n<p>Les galetes s\u00f3n fitxers enviats a un navegador per mitj\u00e0 d\u2019un servidor web per registrar les activitats de l\u2019usuari en una web determinada. La primera finalitat de les galetes \u00e9s la de facilitar a l\u2019usuari un acc\u00e9s m\u00e9s r\u00e0pid a les p\u00e0gines seleccionades.<\/p>\n\n\n\n<p>El web www.llar.totmedia.net utilitza galetes per personalitzar i facilitar al m\u00e0xim la navegaci\u00f3 de l\u2019usuari. Les cookies s\u2019associen \u00fanicament a un usuari an\u00f2nim i el vostre ordinador i no proporcionen refer\u00e8ncies que permetin deduir dades personals de l\u2019usuari. L\u2019usuari podr\u00e0 configurar el navegador perqu\u00e8 notifiqui i rebutgi la instal\u00b7laci\u00f3 de les cookies enviades per la web de www.llar.totmedia.net, sense que aix\u00f2 perjudiqui la possibilitat de l\u2019usuari d\u2019accedir als continguts. Tot i aix\u00f2, et fem notar que, en tot cas, la qualitat de funcionament de la p\u00e0gina web pot disminuir.<\/p>\n\n\n\n<p>Aix\u00ed mateix, la web de www.llar.totmedia.net podr\u00e0 saber totes les p\u00e0gines visites pels usuaris, per la qual cosa podr\u00e0 facilitar o oferir informaci\u00f3 adequada als gustos i les prefer\u00e8ncies de cada usuari.<\/p>\n\n\n\n<p>Com desactivar les Cookies &nbsp;als principals navegadors ?<\/p>\n\n\n\n<p>Normalment \u00e9s possible deixar d\u2019acceptar les galetes del navegador, o deixar d\u2019acceptar les galetes d\u2019una p\u00e0gina en particular.<\/p>\n\n\n\n<p>Tots els navegadors moderns permeten canviar la configuraci\u00f3 de galetes. Aquest ajustament normalment es troba a les \u201cOpcions\u201d o \u201cPrefer\u00e8ncies\u201d del men\u00fa del vostre navegador.<\/p>\n\n\n\n<p>El web de www.llar.totmedia.net ofereix orientaci\u00f3 a l\u2019usuari sobre els passos per accedir al men\u00fa de configuraci\u00f3 de les cookies i, si escau, de la navegaci\u00f3 privada a cadascun dels navegadors principals:<\/p>\n\n\n\n<p>Internet Explorer : Eines -&gt; Opcions d\u2019Internet -&gt; Privadesa -&gt; Configuraci\u00f3.<\/p>\n\n\n\n<p>Per a m\u00e9s informaci\u00f3, podeu consultar el suport de Microsoft o l\u2019Ajuda del navegador.<\/p>\n\n\n\n<p>Firefox: Eines -&gt; Opcions -&gt; Privadesa -&gt; Hist\u00f2ric -&gt; Configuraci\u00f3 Personalitzada.<\/p>\n\n\n\n<p>Per a m\u00e9s informaci\u00f3, podeu consultar el suport de Mozilla o l\u2019Ajuda del navegador.<\/p>\n\n\n\n<p>Chrome : Configuraci\u00f3 -&gt; Mostrar opcions avan\u00e7ades -&gt; Privadesa -&gt; Configuraci\u00f3 de contingut.<\/p>\n\n\n\n<p>Per a m\u00e9s informaci\u00f3, podeu consultar el suport de Google o l\u2019Ajuda del navegador.<\/p>\n\n\n\n<p>Safari : Prefer\u00e8ncies -&gt; Seguretat.<\/p>\n\n\n\n<p>Per a m\u00e9s informaci\u00f3, podeu consultar el suport d\u2019Apple o l\u2019Ajuda del navegador.<\/p>\n\n\n\n<p>Qu\u00e8 passa si es desactiven les galetes ?<\/p>\n\n\n\n<p>Algunes funcionalitats de les p\u00e0gines quedaran desactivades com ara romandre identificat, rebre informaci\u00f3 dirigida a la seva localitzaci\u00f3 o la visualitzaci\u00f3 d\u2019alguns v\u00eddeos.<\/p>\n\n\n\n<p>P\u00edxels.<\/p>\n\n\n\n<p>Un p\u00edxel \u00e9s una imatge diminuta que es pot trobar en correus electr\u00f2nics i p\u00e0gines web, i que requereix una trucada (que proporciona informaci\u00f3 sobre el dispositiu i la visita) als nostres servidors perqu\u00e8 aquest p\u00edxel es representi en aquests correus electr\u00f2nics i p\u00e0gines web. Utilitzem p\u00edxels per obtenir m\u00e9s informaci\u00f3 sobre les teves interaccions amb el contingut web i de correu electr\u00f2nic, com si has interactuat amb anuncis o publicacions. Els p\u00edxels tamb\u00e9 ens permeten, a nosaltres ia tercers, col\u00b7locar cookies al teu navegador.<\/p>\n\n\n\n<p>Actualitzaci\u00f3 i canvis en la pol\u00edtica de Cookies .<\/p>\n\n\n\n<p>El web de www.llar.totmedia.net pot modificar aquesta Pol\u00edtica de Cookies en funci\u00f3 d\u2019exig\u00e8ncies legislatives, reglament\u00e0ries, o per tal d\u2019adaptar aquesta pol\u00edtica a les instruccions dictades per l\u2019Ag\u00e8ncia Espanyola de Protecci\u00f3 de Dades, per aix\u00f2 s\u2019aconsella als usuaris que la visitin peri\u00f2dicament.<\/p>\n\n\n\n<p>Quan es produeixin canvis significatius en aquesta Pol\u00edtica de Cookies, es comunicaran als usuaris mitjan\u00e7ant el web.<\/p>\n\n\n\n<p>Respecte de les cookies de tercers, \u00e9s a dir aquelles que s\u00f3n alienes al nostre lloc web, no podem fer-nos responsables del contingut i veracitat de les pol\u00edtiques de privadesa que ells inclouen pel que la informaci\u00f3 que us oferim \u00e9s sempre amb refer\u00e8ncia a la font.<\/p>","protected":false},"excerpt":{"rendered":"<p>Qu\u00e8 s\u00f3n les cookies i per qu\u00e8 les utilitzem? Aquest lloc web, igual que la majoria de llocs web a Internet, utilitza cookies per millorar lexperi\u00e8ncia de lusuari. A continuaci\u00f3, trobareu informaci\u00f3 sobre qu\u00e8 s\u00f3n les galetes, quin tipus de galetes utilitza aquest portal, com podeu desactivar les galetes al vostre navegador i com desactivar [&hellip;]<\/p>","protected":false},"author":1,"featured_media":0,"parent":0,"menu_order":0,"comment_status":"closed","ping_status":"closed","template":"","meta":{"footnotes":""},"class_list":["post-135","page","type-page","status-publish","hentry"],"_links":{"self":[{"href":"https:\/\/brasserialallar.com\/es\/wp-json\/wp\/v2\/pages\/135","targetHints":{"allow":["GET"]}}],"collection":[{"href":"https:\/\/brasserialallar.com\/es\/wp-json\/wp\/v2\/pages"}],"about":[{"href":"https:\/\/brasserialallar.com\/es\/wp-json\/wp\/v2\/types\/page"}],"author":[{"embeddable":true,"href":"https:\/\/brasserialallar.com\/es\/wp-json\/wp\/v2\/users\/1"}],"replies":[{"embeddable":true,"href":"https:\/\/brasserialallar.com\/es\/wp-json\/wp\/v2\/comments?post=135"}],"version-history":[{"count":1,"href":"https:\/\/brasserialallar.com\/es\/wp-json\/wp\/v2\/pages\/135\/revisions"}],"predecessor-version":[{"id":137,"href":"https:\/\/brasserialallar.com\/es\/wp-json\/wp\/v2\/pages\/135\/revisions\/137"}],"wp:attachment":[{"href":"https:\/\/brasserialallar.com\/es\/wp-json\/wp\/v2\/media?parent=135"}],"curies":[{"name":"wp","href":"https:\/\/api.w.org\/{rel}","templated":true}]}}