{"id":133,"date":"2024-05-23T10:32:21","date_gmt":"2024-05-23T08:32:21","guid":{"rendered":"https:\/\/llar.totmedia.net\/?page_id=133"},"modified":"2024-06-28T11:58:43","modified_gmt":"2024-06-28T09:58:43","slug":"avis-legal","status":"publish","type":"page","link":"https:\/\/brasserialallar.com\/es\/avis-legal\/","title":{"rendered":"Av\u00eds legal"},"content":{"rendered":"<p>Aqu\u00ed tienes el texto con las modificaciones solicitadas:<\/p>\n\n\n\n<hr class=\"wp-block-separator has-alpha-channel-opacity\"\/>\n\n\n\n<p>L\u00b4\u00fas d\u00b4aquest lloc web, www.brasserialallar.com, implica l\u00b4acceptaci\u00f3 d\u00b4aquests termes. Si no esteu d\u2019acord amb ells, us preguem que no utilitzeu aquest lloc web.<\/p>\n\n\n\n<p>Aquest Av\u00eds Legal regula l\u2019\u00fas del lloc web www.brasserialallar.com sent el seu titular JOH BRASSERIA, S.L.<\/p>\n\n\n\n<p>Responsable del tractament de les teves dades personals .<\/p>\n\n\n\n<p>Identitat del Responsable : JOH BRASSERIA, S.L.<\/p>\n\n\n\n<p>NIF : B62806021<\/p>\n\n\n\n<p>Correu electr\u00f2nic : info@brasserialallar.com<\/p>\n\n\n\n<p>Web : www.brasserialallar.com<\/p>\n\n\n\n<p>Tel\u00e8fon : 938 67 53 77<\/p>\n\n\n\n<p>En compliment del que disposa el Reglament Europeu 2016\/679 de Protecci\u00f3 de Dades de Car\u00e0cter Personal, RGPD, i la Llei Org\u00e0nica 3\/2018, LOPD-GDD, JOH BRASSERIA, S.L., us informa que, les dades de car\u00e0cter personal que ens proporcioni a trav\u00e9s del nostre formulari de Contacte a la nostra p\u00e0gina web, es recolliran a les nostres bases de dades sent responsable JOH BRASSERIA, S.L.<\/p>\n\n\n\n<p>Podreu exercir els vostres drets d\u2019acc\u00e9s, rectificaci\u00f3, portabilitat i supressi\u00f3 de les vostres dades i les de limitaci\u00f3 i oposici\u00f3 al vostre tractament en els termes i en les condicions previstes a la normativa legal vigent, adre\u00e7ant-vos per escrit a JOH BRASSERIA, S.L. amb un e-mail a info@brasserialallar.com.<\/p>\n\n\n\n<p>De conformitat amb l\u2019article 32 del RGPD i amb el marc normatiu general de protecci\u00f3 de dades, JOH BRASSERIA, S.L. ha adoptat les mesures de seguretat, t\u00e8cniques, organitzatives i de control proactiu necess\u00e0ries. Tot aix\u00f2, en funci\u00f3 de lan\u00e0lisi pr\u00e8via del risc de les operacions de tractament realitzades.<\/p>\n\n\n\n<p>JOH BRASSERIA, S.L. es compromet a portar un registre de les activitats de tractament tal com es disposa a l\u2019article 30.2 del RGPD.<\/p>\n\n\n\n<p>Us preguem que comuniqueu immediatament a JOH BRASSERIA, S.L. qualsevol modificaci\u00f3 de les vostres dades de car\u00e0cter personal perqu\u00e8 la informaci\u00f3 que contenen els nostres fitxers estigui sempre actualitzada i no contingui errors.<\/p>\n\n\n\n<p>Aix\u00ed mateix, amb l\u2019acceptaci\u00f3 d\u2019aquest Av\u00eds Legal reconeix que la informaci\u00f3 i les dades personals recollides s\u00f3n exactes i veraces. La recollida de les vostres dades de car\u00e0cter personal es realitza per tal de prestar els serveis sol\u00b7licitats i remetre-li informaci\u00f3 sobre l\u2019entitat o ofertes comercials d\u2019altres productes i serveis, avisos i, en general, informaci\u00f3 de JOH BRASSERIA, S.L. que pugui ser del vostre inter\u00e8s. De conformitat amb el que preveu la normativa actual vigent, en emplenar qualsevol dels formularis que apareixen a la nostra p\u00e0gina web, d\u00f3na el seu consentiment perqu\u00e8 les seves dades siguin tractades, per tal de dirigir informaci\u00f3, sempre en l\u2019\u00e0mbit de les funcions leg\u00edtimes de cedent i cessionari.<\/p>\n\n\n\n<p>Tamb\u00e9 autoritza JOH BRASSERIA, S.L. perqu\u00e8 li puguin remetre comunicacions comercials a trav\u00e9s del correu electr\u00f2nic o de qualsevol altre mitj\u00e0 de comunicaci\u00f3 electr\u00f2nica equivalent. Les autoritzacions per a l\u2019enviament d\u2019informaci\u00f3 comercial, cessi\u00f3 de dades i enviament de comunicacions comercials per mitjans electr\u00f2nics seran revocables, en qualsevol moment, mitjan\u00e7ant comunicaci\u00f3 escrita dirigida a JOH BRASSERIA, S.L. a l\u2019adre\u00e7a abans esmentada, en la qual haur\u00e0 d\u2019indicar les dades seg\u00fcents per a la seva identificaci\u00f3: nom i adre\u00e7a.<\/p>\n\n\n\n<p>JOH BRASSERIA, S.L. es compromet a tractar de manera absolutament confidencial les vostres dades de car\u00e0cter personal i utilitzar-lo nom\u00e9s per a les finalitats indicades.<\/p>\n\n\n\n<p>JOH BRASSERIA, S.L. informa que procedir\u00e0 a tractar les dades de manera l\u00edcita, lleial, transparent, adequada, pertinent, limitada, exacta i actualitzada. \u00c9s per aix\u00f2 que JOH BRASSERIA, S.L. es compromet a adoptar totes les mesures raonables perqu\u00e8 aquests se suprimeixin o rectifiquin sense dilaci\u00f3 quan siguin inexactes.<\/p>\n\n\n\n<p>Aix\u00ed mateix, us informem que JOH BRASSERIA, S.L. t\u00e9 implantades les mesures t\u00e8cniques i organitzatives necess\u00e0ries per garantir la seguretat de les vostres dades de car\u00e0cter personal i evitar la seva alteraci\u00f3, p\u00e8rdua i tractament i\/o acc\u00e9s no autoritzat, tenint en compte l\u2019estat de la tecnologia, la naturalesa de les dades emmagatzemades i els riscos, provinents de l\u2019acci\u00f3 humana o del medi f\u00edsic i natural, a qu\u00e8 estan exposats.<\/p>\n\n\n\n<p>Contingut, termes legals i responsabilitats.<\/p>\n\n\n\n<p>El lloc web inclou continguts elaborats pel titular del mateix i els seus col\u00b7laboradors, els quals tenen fins merament informatius, ja que en alguna ocasi\u00f3, aquests podrien no reflectir lactualitat m\u00e9s recent, per la qual cosa en qualsevol moment aquests continguts podran ser modificats i\/ o substitu\u00efts per uns de nous, sense notificaci\u00f3 pr\u00e8via, ni responsabilitat.<\/p>\n\n\n\n<p>Els continguts del lloc web no poden ser considerats, en cap cas, com a substitutius de qualsevol tipus dassessorament. No hi haur\u00e0 cap mena de relaci\u00f3 comercial, professional, ni cap mena de relaci\u00f3 d\u2019una altra \u00edndole amb els professionals que integren el lloc web pel sol fet de l\u2019acc\u00e9s per part dels usuaris.<\/p>\n\n\n\n<p>Per al cas d\u2019existir enlla\u00e7os amb diferents llocs web, JOH BRASSERIA, S.L., no es far\u00e0 responsable del contingut en no tenir control sobre aquests.<\/p>\n\n\n\n<p>L\u2019usuari quan accedeix al lloc web, ho fa pel seu compte i risc. JOH BRASSERIA, S.L. no garanteix ni la rapidesa, ni la interrupci\u00f3, ni l\u2019abs\u00e8ncia de virus al lloc web. Aix\u00ed mateix, el titular del lloc web, els col\u00b7laboradors, els seus socis, empleats i representants tampoc no podran ser considerats responsables per qualsevol dany derivat de la utilitzaci\u00f3 d\u2019aquest lloc web, ni per qualsevol actuaci\u00f3 realitzada sobre la base de la informaci\u00f3 que s\u2019hi facilita<\/p>\n\n\n\n<p>No es garanteix l\u2019abs\u00e8ncia de virus o altres elements lesius que puguin causar danys o alteracions al sistema inform\u00e0tic, als documents electr\u00f2nics o als fitxers de l\u2019usuari d\u2019aquest lloc web. En conseq\u00fc\u00e8ncia, no es respon pels danys i perjudicis que aquests elements puguin ocasionar a lusuari o tercers.<\/p>\n\n\n\n<p>Modificacions .<\/p>\n\n\n\n<p>JOH BRASSERIA, S.L. es reserva el dret a realitzar les modificacions que consideri oportunes, sense previ av\u00eds, en el contingut del seu lloc web. Tant pel que fa als continguts del lloc web, com a les condicions d\u2019\u00fas. Aquestes modificacions podran realitzar-se a trav\u00e9s del seu lloc web per qualsevol forma admissible en dret i seran de compliment obligat durant el temps en qu\u00e8 es trobin publicades al web i fins que no siguin modificades v\u00e0lidament per altres posteriors.<\/p>\n\n\n\n<p>Marques .<\/p>\n\n\n\n<p>A JOH BRASSERIA, S.L. pot ser que es mencionin de forma indirecta ia nivell informatiu alguns termes i logotips, que constitueixen marques registrades pels seus respectius propietaris, no fent-nos responsable de la utilitzaci\u00f3 inadequada que poguessin fer terceres persones respecte a aquestes marques.<\/p>\n\n\n\n<p>Usuari i R<\/p>\n\n\n\n<p>\u00e8gim de Responsabilitats.<\/p>\n\n\n\n<p>La navegaci\u00f3, acc\u00e9s i \u00fas per el lloc web de JOH BRASSERIA, S.L. confereix la condici\u00f3 d\u00b4usuari, pel que s\u00b4accepten, des de la navegaci\u00f3 pel lloc web de JOH BRASSERIA, S.L. totes les condicions d\u00b4\u00fas aqu\u00ed establertes sense perjudici de l\u00b4aplicaci\u00f3 de la corresponent normativa d\u00b4obligat compliment legal segons el cas.<\/p>\n\n\n\n<p>El lloc web de JOH BRASSERIA, S.L. proporciona gran diversitat de informacions, serveis i dades. L\u00b4usuari assumeix la seva responsabilitat en l\u00b4\u00fas correcte del lloc web. Aquesta responsabilitat s\u00b4estendr\u00e0 a:<\/p>\n\n\n\n<p>Un \u00fas de la informaci\u00f3, continguts i\/o serveis i d\u00b4una manera, i des del que s\u00b4hagi realitzat aquest, i a no desfer-se dels continguts o la informaci\u00f3.<\/p>\n\n\n\n<p>La utilitzaci\u00f3 de dades, serveis i productes oferts per JOH BRASSERIA, S.L. contrariament al que es disposa per les presents condicions, la llei, la moral, els bons costums o l\u00b4ordre p\u00fablic, o que, d\u00b4altra manera, poden suposar una lesi\u00f3 en els drets d\u00b4altres o el mateix funcionament del lloc web.<\/p>\n\n\n\n<p>Pol\u00edtica de l\u00ednies sobre enlla\u00e7os i exoneraci\u00f3 de responsabilitats.<\/p>\n\n\n\n<p>JOH BRASSERIA, S.L. no es fa responsable del contingut dels llocs web als que l\u00b4usuari pugui accedir a trav\u00e9s dels enlla\u00e7os establerts en el seu lloc web i declara que en cap cas procedir\u00e0 a examinar o exercir cap tipus de control sobre el contingut d\u00b4altres llocs de la xarxa. Aix\u00ed mateix, tampoc garantir\u00e0 la disponibilitat t\u00e8cnica, exactitud, veracitat, validesa o legalitat de llocs aliens a la seva propietat als que es pugui accedir per mitj\u00e0 dels enlla\u00e7os.<\/p>\n\n\n\n<p>JOH BRASSERIA, S.L. declara haver adoptat totes les mesures necess\u00e0ries per evitar qualsevol dany als usuaris del seu lloc web, que poguessin derivar-se de la navegaci\u00f3 per la seva p\u00e0gina web. Per tant, en cap cas, JOH BRASSERIA, S.L. es far\u00e0 responsable de qualsevol dany que l\u00b4usuari pogu\u00e9s patir a causa de la navegaci\u00f3 per Internet.<\/p>\n\n\n\n<p>\u00das de cookies i dades estad\u00edstiques.<\/p>\n\n\n\n<p>Aquest lloc web pot recollir dades dels seus visitants mitjan\u00e7ant el seu \u00fas de cookies. Consulteu la nostra Pol\u00edtica de Cookies per obtenir m\u00e9s informaci\u00f3 sobre com utilitzem les cookies i com podeu gestionar-ne l\u00b4\u00fas.<\/p>\n\n\n\n<p>Legislaci\u00f3 aplicable i jurisdicci\u00f3.<\/p>\n\n\n\n<p>Amb car\u00e0cter general, les relacions entre JOH BRASSERIA, S.L. amb els usuaris dels seus serveis telem\u00e0tics, presents en aquest lloc web, es troben sotmeses a la legislaci\u00f3 i jurisdicci\u00f3 espanyola i als tribunals.<\/p>\n\n\n\n<p>Contacte.<\/p>\n\n\n\n<p>En cas que qualsevol usuari tingui algun dubte sobre aquestes condicions legals o qualsevol comentari sobre el lloc web de JOH BRASSERIA, S.L., si us plau, adreceu-vos a info@brasserialallar.com.<\/p>\n\n\n\n<p><\/p>","protected":false},"excerpt":{"rendered":"<p>Aqu\u00ed tienes el texto con las modificaciones solicitadas: L\u00b4\u00fas d\u00b4aquest lloc web, www.brasserialallar.com, implica l\u00b4acceptaci\u00f3 d\u00b4aquests termes. Si no esteu d\u2019acord amb ells, us preguem que no utilitzeu aquest lloc web. Aquest Av\u00eds Legal regula l\u2019\u00fas del lloc web www.brasserialallar.com sent el seu titular JOH BRASSERIA, S.L. Responsable del tractament de les teves dades personals [&hellip;]<\/p>","protected":false},"author":1,"featured_media":0,"parent":0,"menu_order":0,"comment_status":"closed","ping_status":"closed","template":"","meta":{"footnotes":""},"class_list":["post-133","page","type-page","status-publish","hentry"],"_links":{"self":[{"href":"https:\/\/brasserialallar.com\/es\/wp-json\/wp\/v2\/pages\/133","targetHints":{"allow":["GET"]}}],"collection":[{"href":"https:\/\/brasserialallar.com\/es\/wp-json\/wp\/v2\/pages"}],"about":[{"href":"https:\/\/brasserialallar.com\/es\/wp-json\/wp\/v2\/types\/page"}],"author":[{"embeddable":true,"href":"https:\/\/brasserialallar.com\/es\/wp-json\/wp\/v2\/users\/1"}],"replies":[{"embeddable":true,"href":"https:\/\/brasserialallar.com\/es\/wp-json\/wp\/v2\/comments?post=133"}],"version-history":[{"count":2,"href":"https:\/\/brasserialallar.com\/es\/wp-json\/wp\/v2\/pages\/133\/revisions"}],"predecessor-version":[{"id":269,"href":"https:\/\/brasserialallar.com\/es\/wp-json\/wp\/v2\/pages\/133\/revisions\/269"}],"wp:attachment":[{"href":"https:\/\/brasserialallar.com\/es\/wp-json\/wp\/v2\/media?parent=133"}],"curies":[{"name":"wp","href":"https:\/\/api.w.org\/{rel}","templated":true}]}}