{"id":102,"date":"2021-03-09T07:11:42","date_gmt":"2021-03-09T06:11:42","guid":{"rendered":"https:\/\/llar.totmedia.net\/about\/"},"modified":"2024-06-27T12:22:37","modified_gmt":"2024-06-27T10:22:37","slug":"about","status":"publish","type":"page","link":"https:\/\/brasserialallar.com\/es\/about\/","title":{"rendered":"About"},"content":{"rendered":"<div data-elementor-type=\"wp-page\" data-elementor-id=\"102\" class=\"elementor elementor-102\">\n\t\t\t\t\t\t<section class=\"elementor-section elementor-top-section elementor-element elementor-element-9bf49ce elementor-section-boxed elementor-section-height-default elementor-section-height-default\" data-id=\"9bf49ce\" data-element_type=\"section\">\n\t\t\t\t\t\t<div class=\"elementor-container elementor-column-gap-no\">\n\t\t\t\t\t<div class=\"aux-parallax-section elementor-column elementor-col-100 elementor-top-column elementor-element elementor-element-d051433\" data-id=\"d051433\" data-element_type=\"column\">\n\t\t\t<div class=\"elementor-widget-wrap elementor-element-populated\">\n\t\t\t\t\t\t<div class=\"elementor-element elementor-element-5cfb0cb aux-appear-watch-animation aux-scale-down elementor-widget elementor-widget-aux_modern_heading\" data-id=\"5cfb0cb\" data-element_type=\"widget\" data-widget_type=\"aux_modern_heading.default\">\n\t\t\t\t<div class=\"elementor-widget-container\">\n\t\t\t<section class=\"aux-widget-modern-heading\">\n            <div class=\"aux-widget-inner\"><h2 class=\"aux-modern-heading-primary\">Conoce la brasseria<\/h2><h3 class=\"aux-modern-heading-secondary\"><span class=\"aux-head-highlight\">Sobre Nosotros<\/span><\/h3><\/div>\n        <\/section>\t\t<\/div>\n\t\t\t\t<\/div>\n\t\t\t\t<section class=\"elementor-section elementor-inner-section elementor-element elementor-element-9d18212 elementor-section-boxed elementor-section-height-default elementor-section-height-default\" data-id=\"9d18212\" data-element_type=\"section\">\n\t\t\t\t\t\t<div class=\"elementor-container elementor-column-gap-no\">\n\t\t\t\t\t<div class=\"aux-parallax-section elementor-column elementor-col-50 elementor-inner-column elementor-element elementor-element-50b7fe3\" data-id=\"50b7fe3\" data-element_type=\"column\">\n\t\t\t<div class=\"elementor-widget-wrap elementor-element-populated\">\n\t\t\t\t\t\t<div class=\"elementor-element elementor-element-92ba4de aux-appear-watch-animation aux-fade-in-left-1 elementor-widget elementor-widget-aux_image\" data-id=\"92ba4de\" data-element_type=\"widget\" data-widget_type=\"aux_image.default\">\n\t\t\t\t<div class=\"elementor-widget-container\">\n\t\t\t<section class=\"widget-container aux-widget-image aux-alignnone aux-parent-aubccb059d\">\n    <div class=\"aux-media-hint-frame\">\n        <div class=\"aux-media-image\" >\n        \n            \n\n            \n            <img decoding=\"async\" src=\"https:\/\/brasserialallar.com\/wp-content\/uploads\/2024\/06\/cuina.jpg\" alt=\"Screenshot\" \/>            \n                <\/div>\n    <\/div>\n\n<\/section><!-- widget-container -->\t\t<\/div>\n\t\t\t\t<\/div>\n\t\t\t\t<div class=\"elementor-element elementor-element-cecf14d elementor-widget__width-auto aux-appear-watch-animation aux-fade-in-up elementor-widget elementor-widget-aux_modern_heading\" data-id=\"cecf14d\" data-element_type=\"widget\" data-widget_type=\"aux_modern_heading.default\">\n\t\t\t\t<div class=\"elementor-widget-container\">\n\t\t\t<section class=\"aux-widget-modern-heading\">\n            <div class=\"aux-widget-inner\"><h3 class=\"aux-modern-heading-primary\">Nuestro Restaurante<\/h3><div class=\"aux-modern-heading-description\"><p>Situada en la calle Moss\u00e8n Jacint Verdaguer, 5, nuestra Braseria es el lugar ideal para degustar la cocina catalana y de monta\u00f1a, de estilo cl\u00e1sico.<\/p><p>En nuestro comedor, ofrecemos un espacio id\u00f3neo para disfrutar de una comida tranquila y relajada. Nos dedicamos plenamente a la gastronom\u00eda catalana, al mismo tiempo que realizamos cocina de mercado.<\/p><p>Encontrar\u00e9is suculentos platos elaborados con el m\u00e1ximo rigor. Algunas de nuestras especialidades incluyen magret de pato, entrecot de ternera de Girona, pies de cerdo y bacalao.<\/p><p>Ofrecemos men\u00fa diario para los d\u00edas laborables, men\u00fas de fin de semana y men\u00fas especiales para diferentes ocasiones a lo largo del a\u00f1o.<\/p><\/div><\/div>\n        <\/section>\t\t<\/div>\n\t\t\t\t<\/div>\n\t\t\t\t<div class=\"elementor-element elementor-element-6b82af7 elementor-widget__width-auto elementor-widget-tablet__width-inherit aux-appear-watch-animation aux-fade-in-down elementor-widget elementor-widget-aux_modern_heading\" data-id=\"6b82af7\" data-element_type=\"widget\" data-widget_type=\"aux_modern_heading.default\">\n\t\t\t\t<div class=\"elementor-widget-container\">\n\t\t\t<section class=\"aux-widget-modern-heading\">\n            <div class=\"aux-widget-inner\"><h3 class=\"aux-modern-heading-primary\"><\/h3><div class=\"aux-modern-heading-divider\"><\/div><\/div>\n        <\/section>\t\t<\/div>\n\t\t\t\t<\/div>\n\t\t\t\t\t<\/div>\n\t\t<\/div>\n\t\t\t\t<div class=\"aux-parallax-section elementor-column elementor-col-50 elementor-inner-column elementor-element elementor-element-01af5eb\" data-id=\"01af5eb\" data-element_type=\"column\">\n\t\t\t<div class=\"elementor-widget-wrap elementor-element-populated\">\n\t\t\t\t\t\t<div class=\"elementor-element elementor-element-9ef0f70 elementor-widget__width-auto elementor-widget-tablet__width-inherit aux-appear-watch-animation aux-fade-in-down elementor-widget elementor-widget-aux_modern_heading\" data-id=\"9ef0f70\" data-element_type=\"widget\" data-widget_type=\"aux_modern_heading.default\">\n\t\t\t\t<div class=\"elementor-widget-container\">\n\t\t\t<section class=\"aux-widget-modern-heading\">\n            <div class=\"aux-widget-inner\"><div class=\"aux-modern-heading-divider\"><\/div><h3 class=\"aux-modern-heading-primary\"><\/h3><\/div>\n        <\/section>\t\t<\/div>\n\t\t\t\t<\/div>\n\t\t\t\t<div class=\"elementor-element elementor-element-c3c34e2 elementor-widget__width-auto aux-appear-watch-animation aux-fade-in-up elementor-widget elementor-widget-aux_modern_heading\" data-id=\"c3c34e2\" data-element_type=\"widget\" data-widget_type=\"aux_modern_heading.default\">\n\t\t\t\t<div class=\"elementor-widget-container\">\n\t\t\t<section class=\"aux-widget-modern-heading\">\n            <div class=\"aux-widget-inner\"><h3 class=\"aux-modern-heading-primary\">La Cocina de la Braseria<\/h3><div class=\"aux-modern-heading-description\"><p>La cocina de la Braseria se distingue por una preparaci\u00f3n y presentaci\u00f3n directas y sin artificios, permitiendo disfrutar al m\u00e1ximo de los mejores productos de calidad del Baix Montseny. Aunque no podemos modificar demasiado la carta debido a la preferencia de los clientes por los platos de siempre, incorporamos productos de temporada al inicio de cada estaci\u00f3n del a\u00f1o. Con un precio medio de carta de 25-30\u20ac, la Braseria se encuentra en la entrada del pueblo de Sant Celoni, al pie del Montseny, en una ubicaci\u00f3n estrat\u00e9gica para los amantes de la naturaleza.<\/p><\/div><\/div>\n        <\/section>\t\t<\/div>\n\t\t\t\t<\/div>\n\t\t\t\t<div class=\"elementor-element elementor-element-66bc468 aux-appear-watch-animation aux-fade-in-right elementor-widget elementor-widget-aux_image\" data-id=\"66bc468\" data-element_type=\"widget\" data-widget_type=\"aux_image.default\">\n\t\t\t\t<div class=\"elementor-widget-container\">\n\t\t\t<section class=\"widget-container aux-widget-image aux-alignnone aux-parent-au23c4e96d\">\n    <div class=\"aux-media-hint-frame\">\n        <div class=\"aux-media-image\" >\n        \n            \n\n            \n            <img decoding=\"async\" src=\"https:\/\/brasserialallar.com\/wp-content\/uploads\/2024\/06\/2.jpg\" alt=\"2\" \/>            \n                <\/div>\n    <\/div>\n\n<\/section><!-- widget-container -->\t\t<\/div>\n\t\t\t\t<\/div>\n\t\t\t\t<div class=\"elementor-element elementor-element-8fb8269 aux-appear-watch-animation aux-fade-in-right elementor-widget elementor-widget-aux_image\" data-id=\"8fb8269\" data-element_type=\"widget\" data-widget_type=\"aux_image.default\">\n\t\t\t\t<div class=\"elementor-widget-container\">\n\t\t\t<section class=\"widget-container aux-widget-image aux-alignnone aux-parent-auf036670d\">\n    <div class=\"aux-media-hint-frame\">\n        <div class=\"aux-media-image\" >\n        \n            \n\n            \n            <img decoding=\"async\" src=\"https:\/\/brasserialallar.com\/wp-content\/uploads\/2024\/06\/01.jpg\" alt=\"01\" \/>            \n                <\/div>\n    <\/div>\n\n<\/section><!-- widget-container -->\t\t<\/div>\n\t\t\t\t<\/div>\n\t\t\t\t\t<\/div>\n\t\t<\/div>\n\t\t\t\t\t<\/div>\n\t\t<\/section>\n\t\t\t\t\t<\/div>\n\t\t<\/div>\n\t\t\t\t\t<\/div>\n\t\t<\/section>\n\t\t\t\t<\/div>","protected":false},"excerpt":{"rendered":"<p>Coneix la brasseria Sobre nosaltres El Nostre Restaurant Situat al carrer Moss\u00e8n Jacint Verdaguer, 5, la nostra Brasseria \u00e9s l&#8217;indret ideal per degustar la cuina catalana i de muntanya, d&#8217;estil cl\u00e0ssic. Al nostre menjador, oferim un espai idoni per gaudir d&#8217;un \u00e0pat tranquil i relaxat. Ens dediquem plenament a la gastronomia catalana, alhora que realitzem [&hellip;]<\/p>","protected":false},"author":1,"featured_media":0,"parent":0,"menu_order":0,"comment_status":"closed","ping_status":"closed","template":"templates\/page-builder-content.php","meta":{"footnotes":""},"class_list":["post-102","page","type-page","status-publish","hentry"],"_links":{"self":[{"href":"https:\/\/brasserialallar.com\/es\/wp-json\/wp\/v2\/pages\/102","targetHints":{"allow":["GET"]}}],"collection":[{"href":"https:\/\/brasserialallar.com\/es\/wp-json\/wp\/v2\/pages"}],"about":[{"href":"https:\/\/brasserialallar.com\/es\/wp-json\/wp\/v2\/types\/page"}],"author":[{"embeddable":true,"href":"https:\/\/brasserialallar.com\/es\/wp-json\/wp\/v2\/users\/1"}],"replies":[{"embeddable":true,"href":"https:\/\/brasserialallar.com\/es\/wp-json\/wp\/v2\/comments?post=102"}],"version-history":[{"count":12,"href":"https:\/\/brasserialallar.com\/es\/wp-json\/wp\/v2\/pages\/102\/revisions"}],"predecessor-version":[{"id":218,"href":"https:\/\/brasserialallar.com\/es\/wp-json\/wp\/v2\/pages\/102\/revisions\/218"}],"wp:attachment":[{"href":"https:\/\/brasserialallar.com\/es\/wp-json\/wp\/v2\/media?parent=102"}],"curies":[{"name":"wp","href":"https:\/\/api.w.org\/{rel}","templated":true}]}}