{"id":100,"date":"2021-03-09T07:12:56","date_gmt":"2021-03-09T06:12:56","guid":{"rendered":"https:\/\/llar.totmedia.net\/contact\/"},"modified":"2026-03-23T12:17:35","modified_gmt":"2026-03-23T11:17:35","slug":"contact","status":"publish","type":"page","link":"https:\/\/brasserialallar.com\/es\/contact\/","title":{"rendered":"Contact"},"content":{"rendered":"<div data-elementor-type=\"wp-page\" data-elementor-id=\"100\" class=\"elementor elementor-100\">\n\t\t\t\t\t\t<section class=\"elementor-section elementor-top-section elementor-element elementor-element-d8c6389 elementor-section-content-middle elementor-section-boxed elementor-section-height-default elementor-section-height-default\" data-id=\"d8c6389\" data-element_type=\"section\">\n\t\t\t\t\t\t<div class=\"elementor-container elementor-column-gap-no\">\n\t\t\t\t\t<div class=\"aux-parallax-section elementor-column elementor-col-50 elementor-top-column elementor-element elementor-element-f388810\" data-id=\"f388810\" data-element_type=\"column\">\n\t\t\t<div class=\"elementor-widget-wrap elementor-element-populated\">\n\t\t\t\t\t\t<div class=\"elementor-element elementor-element-8f0afec aux-appear-watch-animation aux-fade-in-down elementor-widget elementor-widget-aux_modern_heading\" data-id=\"8f0afec\" data-element_type=\"widget\" data-widget_type=\"aux_modern_heading.default\">\n\t\t\t\t<div class=\"elementor-widget-container\">\n\t\t\t<section class=\"aux-widget-modern-heading\">\n            <div class=\"aux-widget-inner\"><h2 class=\"aux-modern-heading-primary\">Brasseria La llar<\/h2><h3 class=\"aux-modern-heading-secondary\"><span class=\"aux-head-highlight\">Contacta con Nosotros<\/span><\/h3><div class=\"aux-modern-heading-description\">Tu direcci\u00f3n de correo electr\u00f3nico no ser\u00e1 publicada.<br>Los campos obligatorios est\u00e1n marcados*<\/div><\/div>\n        <\/section>\t\t<\/div>\n\t\t\t\t<\/div>\n\t\t\t\t<div class=\"elementor-element elementor-element-2c7145b elementor-widget elementor-widget-heading\" data-id=\"2c7145b\" data-element_type=\"widget\" data-widget_type=\"heading.default\">\n\t\t\t\t<div class=\"elementor-widget-container\">\n\t\t\t<h2 class=\"elementor-heading-title elementor-size-default\">Reserves sols per tel\u00e8fon.<\/h2>\t\t<\/div>\n\t\t\t\t<\/div>\n\t\t\t\t\t<\/div>\n\t\t<\/div>\n\t\t\t\t<div class=\"aux-parallax-section elementor-column elementor-col-50 elementor-top-column elementor-element elementor-element-e91fa46\" data-id=\"e91fa46\" data-element_type=\"column\">\n\t\t\t<div class=\"elementor-widget-wrap elementor-element-populated\">\n\t\t\t\t\t\t<div class=\"elementor-element elementor-element-a02e80a elementor-widget elementor-widget-google_maps\" data-id=\"a02e80a\" data-element_type=\"widget\" data-widget_type=\"google_maps.default\">\n\t\t\t\t<div class=\"elementor-widget-container\">\n\t\t\t\t\t<div class=\"elementor-custom-embed\">\n\t\t\t<iframe loading=\"lazy\"\n\t\t\t\t\tsrc=\"https:\/\/maps.google.com\/maps?q=Braseria%20la%20llar%2C%20sant%20celoni&#038;t=m&#038;z=17&#038;output=embed&#038;iwloc=near\"\n\t\t\t\t\ttitle=\"Braseria la llar, sant celoni\"\n\t\t\t\t\taria-label=\"Braseria la llar, sant celoni\"\n\t\t\t><\/iframe>\n\t\t<\/div>\n\t\t\t\t<\/div>\n\t\t\t\t<\/div>\n\t\t\t\t\t<\/div>\n\t\t<\/div>\n\t\t\t\t\t<\/div>\n\t\t<\/section>\n\t\t\t\t<section class=\"elementor-section elementor-top-section elementor-element elementor-element-fa9eb0e elementor-section-boxed elementor-section-height-default elementor-section-height-default\" data-id=\"fa9eb0e\" data-element_type=\"section\">\n\t\t\t\t\t\t<div class=\"elementor-container elementor-column-gap-no\">\n\t\t\t\t\t<div class=\"aux-parallax-section elementor-column elementor-col-33 elementor-top-column elementor-element elementor-element-b9f1b9e\" data-id=\"b9f1b9e\" data-element_type=\"column\">\n\t\t\t<div class=\"elementor-widget-wrap elementor-element-populated\">\n\t\t\t\t\t\t<div class=\"elementor-element elementor-element-0c693eb aux-appear-watch-animation aux-fade-in-right elementor-widget elementor-widget-aux_text\" data-id=\"0c693eb\" data-element_type=\"widget\" data-widget_type=\"aux_text.default\">\n\t\t\t\t<div class=\"elementor-widget-container\">\n\t\t\t<section class=\"widget-container aux-widget-text aux-parent-au3b07101f\">        <div class=\"aux-widget-advanced-text aux-wrap-style-simple aux-ico-pos-left aux-text-left aux-text-resp- aux-text-color-dark aux-text-widget-bg-center\" >\n        \n                            <div class=\"aux-text-widget-header\"  >\n                        <div class=\"aux-ico-box aux-ico-large aux-ico-clear\">\n                                                                <svg xmlns=\"http:\/\/www.w3.org\/2000\/svg\" width=\"26.549\" height=\"33.276\" viewbox=\"0 0 26.549 33.276\"><path d=\"M62.1.008A13.279,13.279,0,0,0,49.54,15.8h0s.02.143.089.416a13.306,13.306,0,0,0,.894,2.634C51.852,22,54.93,27.272,61.834,33.01a1.153,1.153,0,0,0,1.474,0c6.9-5.731,9.982-11.005,11.319-14.171a12.742,12.742,0,0,0,.894-2.634c.061-.266.089-.416.089-.416h0A13.282,13.282,0,0,0,62.1.008Zm.471,19.868a6.448,6.448,0,1,1,6.448-6.448A6.447,6.447,0,0,1,62.571,19.876Z\" transform=\"translate(-49.299 0)\" fill=\"var(--e-global-color-secondary)\" \/><\/svg>                                                    <\/div>\n                <\/div>\n            \n            <div class=\"aux-text-inner aux-text-widget-content\">\n                                <h4 class=\"col-title\">Dirreci\u00f3n<\/h4>\n                                <div class=\"widget-content\">\n                                        <p><a href=\"https:\/\/www.google.com\/maps\/place\/\/data=!4m2!3m1!1s0x12bb33107cf40353:0x54657434e4c3e7b0?sa=X&amp;ved=1t:8290&amp;ictx=111\" data-url=\"\/maps\/place\/\/data=!4m2!3m1!1s0x12bb33107cf40353:0x54657434e4c3e7b0?sa=X&amp;ved=2ahUKEwi9qs65nZ6GAxUJ7wIHHaTVBZsQ4kB6BAgREAA\">Carrer Moss\u00e8n Cinto Verdaguer, 5, 08470 Sant Celoni, Barcelona<\/a><\/p>                <\/div>\n                            <\/div>\n        <\/div>\n                    <div class=\"aux-text-widget-footer\">\n                <div class=\"aux-border-shape-none\">\n                                <\/div>\n            <\/div>\n        \n<\/section><!-- widget-container -->\t\t<\/div>\n\t\t\t\t<\/div>\n\t\t\t\t\t<\/div>\n\t\t<\/div>\n\t\t\t\t<div class=\"aux-parallax-section elementor-column elementor-col-33 elementor-top-column elementor-element elementor-element-ab72ec0\" data-id=\"ab72ec0\" data-element_type=\"column\">\n\t\t\t<div class=\"elementor-widget-wrap elementor-element-populated\">\n\t\t\t\t\t\t<div class=\"elementor-element elementor-element-8c1db0d aux-appear-watch-animation aux-fade-in-right elementor-widget elementor-widget-aux_text\" data-id=\"8c1db0d\" data-element_type=\"widget\" data-widget_type=\"aux_text.default\">\n\t\t\t\t<div class=\"elementor-widget-container\">\n\t\t\t<section class=\"widget-container aux-widget-text aux-parent-au23c592d4\">        <div class=\"aux-widget-advanced-text aux-wrap-style-simple aux-ico-pos-left aux-text-left aux-text-resp- aux-text-color-dark aux-text-widget-bg-center\" >\n        \n                            <div class=\"aux-text-widget-header\"  >\n                        <div class=\"aux-ico-box aux-ico-large aux-ico-clear\">\n                                                                <svg xmlns=\"http:\/\/www.w3.org\/2000\/svg\" width=\"33.047\" height=\"20.992\" viewbox=\"0 0 33.047 20.992\"><path d=\"M3.172,61.291q.627.358,3.78,2.125t4.832,2.721q.184.1.784.455t1,.567q.4.216.959.484a6.248,6.248,0,0,0,1.06.4,3.549,3.549,0,0,0,.922.134h.037a3.552,3.552,0,0,0,.922-.134,6.254,6.254,0,0,0,1.06-.4q.562-.269.959-.484t1-.567q.6-.351.784-.455,1.7-.954,8.631-4.846a8.118,8.118,0,0,0,2.25-1.834,3.453,3.453,0,0,0,.9-2.251,2.1,2.1,0,0,0-.876-1.685,3.22,3.22,0,0,0-2.075-.7H2.951A2.935,2.935,0,0,0,.765,55.6,2.648,2.648,0,0,0,0,57.533a3.142,3.142,0,0,0,1.014,2.035A8.556,8.556,0,0,0,3.172,61.291Z\" transform=\"translate(0 -54.82)\" fill=\"var(--e-global-color-secondary)\" \/><path d=\"M31.2,185.734q-6.048,3.31-9.184,5.144-1.051.626-1.706.976a11.636,11.636,0,0,1-1.743.716,6.388,6.388,0,0,1-2.028.365h-.037a6.391,6.391,0,0,1-2.029-.365,11.642,11.642,0,0,1-1.743-.716q-.654-.35-1.706-.976-2.49-1.476-9.165-5.144A9.5,9.5,0,0,1,0,184.437v11.837a2.1,2.1,0,0,0,.867,1.685,3.21,3.21,0,0,0,2.084.7H30.1a3.21,3.21,0,0,0,2.084-.7,2.1,2.1,0,0,0,.867-1.685V184.437A9.863,9.863,0,0,1,31.2,185.734Z\" transform=\"translate(0 -177.668)\" fill=\"var(--e-global-color-secondary)\" \/><\/svg>                                                    <\/div>\n                <\/div>\n            \n            <div class=\"aux-text-inner aux-text-widget-content\">\n                                <h4 class=\"col-title\">Nuestro Email<\/h4>\n                                <div class=\"widget-content\">\n                                        <p><a href=\"mailto:restaurant@brasserialallar.com\" target=\"_blank\" rel=\"noopener\">restaurant@brasserialallar.<wbr \/>com<\/a><\/p>                <\/div>\n                            <\/div>\n        <\/div>\n                    <div class=\"aux-text-widget-footer\">\n                <div class=\"aux-border-shape-none\">\n                                <\/div>\n            <\/div>\n        \n<\/section><!-- widget-container -->\t\t<\/div>\n\t\t\t\t<\/div>\n\t\t\t\t\t<\/div>\n\t\t<\/div>\n\t\t\t\t<div class=\"aux-parallax-section elementor-column elementor-col-33 elementor-top-column elementor-element elementor-element-ae44f50\" data-id=\"ae44f50\" data-element_type=\"column\">\n\t\t\t<div class=\"elementor-widget-wrap elementor-element-populated\">\n\t\t\t\t\t\t<div class=\"elementor-element elementor-element-60f9abd aux-appear-watch-animation aux-fade-in-right elementor-widget elementor-widget-aux_text\" data-id=\"60f9abd\" data-element_type=\"widget\" data-widget_type=\"aux_text.default\">\n\t\t\t\t<div class=\"elementor-widget-container\">\n\t\t\t<section class=\"widget-container aux-widget-text aux-parent-aue790b4d3\">        <div class=\"aux-widget-advanced-text aux-wrap-style-simple aux-ico-pos-left aux-text-left aux-text-resp- aux-text-color-dark aux-text-widget-bg-center\" >\n        \n                            <div class=\"aux-text-widget-header\"  >\n                        <div class=\"aux-ico-box aux-ico-large aux-ico-clear\">\n                                                                <svg xmlns=\"http:\/\/www.w3.org\/2000\/svg\" width=\"31.999\" height=\"31.999\" viewbox=\"0 0 31.999 31.999\"><path d=\"M359.865,66.154l-8.084-8.084,1.034-1.034a3.057,3.057,0,0,1,4.324,0L360.9,60.8a3.057,3.057,0,0,1,0,4.324Zm0,0\" transform=\"translate(-329.795 -37.664)\" fill=\"var(--e-global-color-secondary)\" \/><path d=\"M56.137,353.711l1.034-1.034a3.057,3.057,0,0,1,4.324,0l3.761,3.761a3.061,3.061,0,0,1,0,4.324l-1.034,1.034Zm0,0\" transform=\"translate(-52.628 -351.781)\" fill=\"var(--e-global-color-secondary)\" \/><path d=\"M28.649,26.5c-2.728,2.26-6.235,2.754-10.209,1.417a28.986,28.986,0,0,1-10.6-7.1,28.981,28.981,0,0,1-7.1-10.6C-.6,6.236-.107,2.728,2.153,0l8.123,8.123c-1.746,2.721.764,5.942,2.535,7.713s4.992,4.281,7.713,2.535Zm0,0\" transform=\"translate(-0.001 3.351)\" fill=\"var(--e-global-color-secondary)\" \/><\/svg>                                                    <\/div>\n                <\/div>\n            \n            <div class=\"aux-text-inner aux-text-widget-content\">\n                                <h4 class=\"col-title\">Telefono<\/h4>\n                                <div class=\"widget-content\">\n                                        <p><a href=\"https:\/\/www.google.com\/search?q=brasserialallar&amp;oq=br&amp;gs_lcrp=EgZjaHJvbWUqBggAEEUYOzIGCAAQRRg7MgYIARBFGDkyDQgCEC4YgwEYsQMYgAQyDQgDEC4YgwEYsQMYgAQyBggEEEUYPDIGCAUQRRg9MgYIBhBFGD0yBggHEEUYPdIBBzkxN2owajeoAgCwAgA&amp;sourceid=chrome&amp;ie=UTF-8#\" data-dtype=\"d3ph\" data-local-attribute=\"d3ph\" data-ved=\"2ahUKEwi9qs65nZ6GAxUJ7wIHHaTVBZsQkAgoAHoECEUQAg\"><span aria-label=\"Llamar al n\u00famero de tel\u00e9fono 938 67 53 77\">938 67 53 77<\/span><\/a><\/p>                <\/div>\n                            <\/div>\n        <\/div>\n                    <div class=\"aux-text-widget-footer\">\n                <div class=\"aux-border-shape-none\">\n                                <\/div>\n            <\/div>\n        \n<\/section><!-- widget-container -->\t\t<\/div>\n\t\t\t\t<\/div>\n\t\t\t\t\t<\/div>\n\t\t<\/div>\n\t\t\t\t\t<\/div>\n\t\t<\/section>\n\t\t\t\t<section class=\"elementor-section elementor-top-section elementor-element elementor-element-50bdc25 elementor-section-boxed elementor-section-height-default elementor-section-height-default\" data-id=\"50bdc25\" data-element_type=\"section\">\n\t\t\t\t\t\t<div class=\"elementor-container elementor-column-gap-default\">\n\t\t\t\t\t<div class=\"aux-parallax-section elementor-column elementor-col-100 elementor-top-column elementor-element elementor-element-36a7fa4\" data-id=\"36a7fa4\" data-element_type=\"column\">\n\t\t\t<div class=\"elementor-widget-wrap\">\n\t\t\t\t\t\t\t<\/div>\n\t\t<\/div>\n\t\t\t\t\t<\/div>\n\t\t<\/section>\n\t\t\t\t<\/div>","protected":false},"excerpt":{"rendered":"<p>Brasseria La llar Contacta amb Nosaltres La teva direcci\u00f3 d email no sera publicada.Els camps obligatoris estan marcats* Reserves sols per tel\u00e8fon. Direcci\u00f3 Carrer Moss\u00e8n Cinto Verdaguer, 5, 08470 Sant Celoni, Barcelona El Nostre Email restaurant@brasserialallar.com Tel\u00e8fon 938 67 53 77<\/p>","protected":false},"author":1,"featured_media":0,"parent":0,"menu_order":0,"comment_status":"closed","ping_status":"closed","template":"templates\/page-builder-content.php","meta":{"footnotes":""},"class_list":["post-100","page","type-page","status-publish","hentry"],"_links":{"self":[{"href":"https:\/\/brasserialallar.com\/es\/wp-json\/wp\/v2\/pages\/100","targetHints":{"allow":["GET"]}}],"collection":[{"href":"https:\/\/brasserialallar.com\/es\/wp-json\/wp\/v2\/pages"}],"about":[{"href":"https:\/\/brasserialallar.com\/es\/wp-json\/wp\/v2\/types\/page"}],"author":[{"embeddable":true,"href":"https:\/\/brasserialallar.com\/es\/wp-json\/wp\/v2\/users\/1"}],"replies":[{"embeddable":true,"href":"https:\/\/brasserialallar.com\/es\/wp-json\/wp\/v2\/comments?post=100"}],"version-history":[{"count":18,"href":"https:\/\/brasserialallar.com\/es\/wp-json\/wp\/v2\/pages\/100\/revisions"}],"predecessor-version":[{"id":293,"href":"https:\/\/brasserialallar.com\/es\/wp-json\/wp\/v2\/pages\/100\/revisions\/293"}],"wp:attachment":[{"href":"https:\/\/brasserialallar.com\/es\/wp-json\/wp\/v2\/media?parent=100"}],"curies":[{"name":"wp","href":"https:\/\/api.w.org\/{rel}","templated":true}]}}